{"id":2904,"date":"2024-11-28T14:37:21","date_gmt":"2024-11-28T13:37:21","guid":{"rendered":"https:\/\/sapedaskincare.com\/?post_type=product&#038;p=2904"},"modified":"2026-03-05T12:50:57","modified_gmt":"2026-03-05T11:50:57","slug":"creme-voor-herstelbehandeling","status":"publish","type":"product","link":"https:\/\/sapedaskincare.com\/nl\/product\/recovery-treatment-cream\/","title":{"rendered":"Recovery Hydrating Treatment"},"content":{"rendered":"<p data-start=\"187\" data-end=\"431\">Een voedende cr\u00e8me die diep hydrateert, kalmeert en herstelt. Met rozenwater, oli\u00ebn uit het Amazonegebied en plantaardige antioxidanten helpt deze cr\u00e8me irritaties te kalmeren, de barri\u00e8re te versterken en de huid zacht, stralend en veerkrachtig te maken - zonder overweldiging.<\/p>","protected":false},"excerpt":{"rendered":"<p>Korte tekst mogelijkheid<\/p>","protected":false},"featured_media":276007,"template":"","meta":{"_acf_changed":false,"slim_seo":{"title":"Recovery Hydrating Treatment - Sapeda Skincare","description":"Korte tekst mogelijkheid"}},"product_brand":[],"product_cat":[254,255,252,256,273,257,271,281],"product_tag":[315,318],"class_list":{"0":"post-2904","1":"product","2":"type-product","3":"status-publish","4":"has-post-thumbnail","6":"product_cat-acne-blemishes","7":"product_cat-dehydrated-skin-pigmentation","8":"product_cat-recovery-line","9":"product_cat-fine-lines-aging-skin","10":"product_cat-moisturizers","11":"product_cat-sensitive-irritated-skin","12":"product_cat-products","13":"product_cat-most-loved","14":"product_tag-recovery","15":"product_tag-cream","16":"has-subscription-plans","18":"first","19":"instock","20":"taxable","21":"shipping-taxable","22":"purchasable","23":"product-type-simple"},"acf":[],"_links":{"self":[{"href":"https:\/\/sapedaskincare.com\/nl\/wp-json\/wp\/v2\/product\/2904","targetHints":{"allow":["GET"]}}],"collection":[{"href":"https:\/\/sapedaskincare.com\/nl\/wp-json\/wp\/v2\/product"}],"about":[{"href":"https:\/\/sapedaskincare.com\/nl\/wp-json\/wp\/v2\/types\/product"}],"wp:featuredmedia":[{"embeddable":true,"href":"https:\/\/sapedaskincare.com\/nl\/wp-json\/wp\/v2\/media\/276007"}],"wp:attachment":[{"href":"https:\/\/sapedaskincare.com\/nl\/wp-json\/wp\/v2\/media?parent=2904"}],"wp:term":[{"taxonomy":"product_brand","embeddable":true,"href":"https:\/\/sapedaskincare.com\/nl\/wp-json\/wp\/v2\/product_brand?post=2904"},{"taxonomy":"product_cat","embeddable":true,"href":"https:\/\/sapedaskincare.com\/nl\/wp-json\/wp\/v2\/product_cat?post=2904"},{"taxonomy":"product_tag","embeddable":true,"href":"https:\/\/sapedaskincare.com\/nl\/wp-json\/wp\/v2\/product_tag?post=2904"}],"curies":[{"name":"wp","href":"https:\/\/api.w.org\/{rel}","templated":true}]}}